{"id":2027,"date":"2025-06-16T10:06:25","date_gmt":"2025-06-16T08:06:25","guid":{"rendered":"https:\/\/www.lilpapa.fr\/?page_id=2027"},"modified":"2025-06-16T10:15:16","modified_gmt":"2025-06-16T08:15:16","slug":"avertissement-commande","status":"publish","type":"page","link":"https:\/\/www.lilpapa.fr\/?page_id=2027","title":{"rendered":"Avertissement commande"},"content":{"rendered":"\t\t<div data-elementor-type=\"wp-page\" data-elementor-id=\"2027\" class=\"elementor elementor-2027\">\n\t\t\t\t<div class=\"elementor-element elementor-element-cfaa487 e-flex e-con-boxed e-con e-parent\" data-id=\"cfaa487\" data-element_type=\"container\" data-e-type=\"container\">\n\t\t\t\t\t<div class=\"e-con-inner\">\n\t\t\t\t<div class=\"elementor-element elementor-element-7e8fe8b elementor-widget elementor-widget-text-editor\" data-id=\"7e8fe8b\" data-element_type=\"widget\" data-e-type=\"widget\" data-widget_type=\"text-editor.default\">\n\t\t\t\t<div class=\"elementor-widget-container\">\n\t\t\t\t\t\t\t\t\t<p>Attention, votre commande sera pr\u00e9par\u00e9e d\u00e8s que possible.<\/p><p>S&rsquo;il n&rsquo;y a pas d&rsquo;attente cela prendra moins de 10 mn.\u00a0<\/p><p>Attendez donc d&rsquo;\u00eatre au Point Bar avant de passer commande.<\/p>\t\t\t\t\t\t\t\t<\/div>\n\t\t\t\t<\/div>\n\t\t\t\t\t<\/div>\n\t\t\t\t<\/div>\n\t\t<div class=\"elementor-element elementor-element-fe894e2 e-flex e-con-boxed e-con e-parent\" data-id=\"fe894e2\" data-element_type=\"container\" data-e-type=\"container\">\n\t\t\t\t\t<div class=\"e-con-inner\">\n\t\t\t\t<div class=\"elementor-element elementor-element-41d6982 elementor-align-center elementor-widget elementor-widget-button\" data-id=\"41d6982\" data-element_type=\"widget\" data-e-type=\"widget\" data-widget_type=\"button.default\">\n\t\t\t\t<div class=\"elementor-widget-container\">\n\t\t\t\t\t\t\t\t\t<div class=\"elementor-button-wrapper\">\n\t\t\t\t\t<a class=\"elementor-button elementor-button-link elementor-size-sm\" href=\"https:\/\/ordering.sundayapp.io\/fr\/ordering\/626c3613-b301-4a61-96ef-53f4def8cd6b?scanId=url-shortener_OYzbwuLcGI2S&#038;utm_campaign=url-shortener_OYzbwuLcGI2S\" target=\"_blank\" rel=\"noopener\">\n\t\t\t\t\t\t<span class=\"elementor-button-content-wrapper\">\n\t\t\t\t\t\t\t\t\t<span class=\"elementor-button-text\">Ok je commande<\/span>\n\t\t\t\t\t<\/span>\n\t\t\t\t\t<\/a>\n\t\t\t\t<\/div>\n\t\t\t\t\t\t\t\t<\/div>\n\t\t\t\t<\/div>\n\t\t\t\t\t<\/div>\n\t\t\t\t<\/div>\n\t\t\t\t<\/div>\n\t\t","protected":false},"excerpt":{"rendered":"<p>Attention, votre commande sera pr\u00e9par\u00e9e d\u00e8s que possible. S&rsquo;il n&rsquo;y a pas d&rsquo;attente cela prendra moins de 10 mn.\u00a0 Attendez donc d&rsquo;\u00eatre au Point Bar avant de passer commande. Ok je commande<\/p>\n","protected":false},"author":2,"featured_media":0,"parent":0,"menu_order":0,"comment_status":"closed","ping_status":"closed","template":"","meta":{"footnotes":""},"class_list":["post-2027","page","type-page","status-publish","hentry"],"blocksy_meta":[],"_links":{"self":[{"href":"https:\/\/www.lilpapa.fr\/index.php?rest_route=\/wp\/v2\/pages\/2027","targetHints":{"allow":["GET"]}}],"collection":[{"href":"https:\/\/www.lilpapa.fr\/index.php?rest_route=\/wp\/v2\/pages"}],"about":[{"href":"https:\/\/www.lilpapa.fr\/index.php?rest_route=\/wp\/v2\/types\/page"}],"author":[{"embeddable":true,"href":"https:\/\/www.lilpapa.fr\/index.php?rest_route=\/wp\/v2\/users\/2"}],"replies":[{"embeddable":true,"href":"https:\/\/www.lilpapa.fr\/index.php?rest_route=%2Fwp%2Fv2%2Fcomments&post=2027"}],"version-history":[{"count":11,"href":"https:\/\/www.lilpapa.fr\/index.php?rest_route=\/wp\/v2\/pages\/2027\/revisions"}],"predecessor-version":[{"id":2038,"href":"https:\/\/www.lilpapa.fr\/index.php?rest_route=\/wp\/v2\/pages\/2027\/revisions\/2038"}],"wp:attachment":[{"href":"https:\/\/www.lilpapa.fr\/index.php?rest_route=%2Fwp%2Fv2%2Fmedia&parent=2027"}],"curies":[{"name":"wp","href":"https:\/\/api.w.org\/{rel}","templated":true}]}}